{"id":782,"date":"2026-01-27T15:46:44","date_gmt":"2026-01-27T15:46:44","guid":{"rendered":"https:\/\/www.nicole-baur.ch\/?page_id=782"},"modified":"2026-03-27T14:47:32","modified_gmt":"2026-03-27T14:47:32","slug":"foodsave-workshop","status":"publish","type":"page","link":"https:\/\/www.nicole-baur.ch\/index.php\/foodsave-workshop\/","title":{"rendered":"Foodsave-Workshop 18.4."},"content":{"rendered":"\t\t<div data-elementor-type=\"wp-page\" data-elementor-id=\"782\" class=\"elementor elementor-782\">\n\t\t\t\t<div class=\"elementor-element elementor-element-52d7b1db e-flex e-con-boxed e-con e-parent\" data-id=\"52d7b1db\" data-element_type=\"container\">\n\t\t\t\t\t<div class=\"e-con-inner\">\n\t\t\t\t<div class=\"elementor-element elementor-element-4526bb3 elementor-widget elementor-widget-image\" data-id=\"4526bb3\" data-element_type=\"widget\" data-widget_type=\"image.default\">\n\t\t\t\t<div class=\"elementor-widget-container\">\n\t\t\t\t\t\t\t\t\t\t\t\t<figure class=\"wp-caption\">\n\t\t\t\t\t\t\t\t\t\t<img fetchpriority=\"high\" decoding=\"async\" width=\"768\" height=\"543\" src=\"https:\/\/www.nicole-baur.ch\/wp-content\/uploads\/2026\/03\/Foodsave-Workshop-Save-The-Date-768x543.png\" class=\"attachment-medium_large size-medium_large wp-image-812\" alt=\"Foodsave Workshop Save The Date\" srcset=\"https:\/\/www.nicole-baur.ch\/wp-content\/uploads\/2026\/03\/Foodsave-Workshop-Save-The-Date-768x543.png 768w, https:\/\/www.nicole-baur.ch\/wp-content\/uploads\/2026\/03\/Foodsave-Workshop-Save-The-Date-300x212.png 300w, https:\/\/www.nicole-baur.ch\/wp-content\/uploads\/2026\/03\/Foodsave-Workshop-Save-The-Date-1024x724.png 1024w, https:\/\/www.nicole-baur.ch\/wp-content\/uploads\/2026\/03\/Foodsave-Workshop-Save-The-Date-1536x1086.png 1536w, https:\/\/www.nicole-baur.ch\/wp-content\/uploads\/2026\/03\/Foodsave-Workshop-Save-The-Date-2048x1448.png 2048w\" sizes=\"(max-width: 768px) 100vw, 768px\" \/>\t\t\t\t\t\t\t\t\t\t\t<figcaption class=\"widget-image-caption wp-caption-text\">Foodsave-Workshop<\/figcaption>\n\t\t\t\t\t\t\t\t\t\t<\/figure>\n\t\t\t\t\t\t\t\t\t<\/div>\n\t\t\t\t<\/div>\n\t\t\t\t<div class=\"elementor-element elementor-element-34559800 elementor-widget elementor-widget-text-editor\" data-id=\"34559800\" data-element_type=\"widget\" data-widget_type=\"text-editor.default\">\n\t\t\t\t<div class=\"elementor-widget-container\">\n\t\t\t\t\t\t\t\t\t<hr class=\"wp-block-separator has-alpha-channel-opacity\" \/>\n<h2 class=\"wp-block-heading\">Workshop-Programm<\/h2>\n\n<h4>\u00abDein Essen retten \u2013 zusammen geniessen \u2013 Geld sparen\u00bb<\/h4>\n<p>15.00 Begr\u00fcssung und Gruppeneinteilung (A &amp; B)<br \/>15.30 Uhr Parallele Workshops, die Ihr nacheinander besucht (entweder erst A, dann B oder umgekehrt).<\/p>\n\n<p><strong>Workshop A<\/strong>: Infos zum Thema Food Save mit Ap\u00e9ro von der \u00c4ssbar\u2028 mit Nicole<\/p>\n\n<p><strong>Workshop <\/strong>B: Gemeinsames Kochen mit Resten \u2028mit Anita &amp; Judith<\/p>\n\n<p>17.45 Uhr Gemeinsames Abendessen<br \/>18.30 Uhr Abschluss<\/p>\n\n<h4 class=\"wp-block-heading\"><strong>Kosten<\/strong>:<\/h4>\n\n<p>Es fallen keine Kosten an. F\u00fcr Verpflegung und Getr\u00e4nke ist gesorgt. Ihr bringt nur eine Zutat \/ einen Lebensmittelrest von Zuhause mit.<\/p>\n\n<h4 class=\"wp-block-heading\">Ort:<\/h4>\n\n<p>Unser Foodsave-Workshop findet in der K\u00fcche des Campo (SKKG, ex Hexis, Ex International School) zwischen Bahnhof Oberwinterthur und Euchlachpark statt. Am n\u00e4chsten ist die Postautohaltestelle Grubenstrasse. <a href=\"https:\/\/search.ch\/map\/Winterthur,Zum-Park-5\">Karte<\/a><\/p>\n\n<h4 class=\"wp-block-heading\"><strong>Abmeldung<\/strong>:<\/h4>\n\n<p>Wir schicken euch kurz dem Workshop eine Mail mit der definitiven Anmeldung. Eine Abmeldung ist m\u00f6glich bis Do. 16.04.<\/p>\n\n<p>Seid bitte fair und gebt anderen eine Chance, euren Platz zu \u00fcbernehmen, falls ihr doch verhindert seid<\/p>\n\t\t\t\t\t\t\t\t<\/div>\n\t\t\t\t<\/div>\n\t\t\t\t<div class=\"elementor-element elementor-element-199472d elementor-widget elementor-widget-text-editor\" data-id=\"199472d\" data-element_type=\"widget\" data-widget_type=\"text-editor.default\">\n\t\t\t\t<div class=\"elementor-widget-container\">\n\t\t\t\t\t\t\t\t\t<p><strong>Quellen:<\/strong><\/p>\n<p>Wir erstellen derzeit ein Rezeptb\u00fcchlein, das dann hier heruntergeladen werden kann.<\/p>\n<p>Informiere dich zum Thema Food Waste<\/p>\n<p><!-- \/wp:paragraph --><!-- wp:paragraph --><\/p>\n<p><a href=\"https:\/\/www.tischlein.ch\">https:\/\/www.tischlein.ch<\/a><\/p>\n<p><!-- \/wp:paragraph --><!-- wp:paragraph --><\/p>\n<p>Tischlein-Deck-Dich in Winterthur Oberi (OST)<\/p>\n<p><a href=\"https:\/\/foodwaste.ch\/wissen\/\">https:\/\/foodwaste.ch\/<\/a><\/p>\n<p><!-- \/wp:paragraph --><!-- wp:paragraph --><\/p>\n<p>Statistik und Praktisches:<\/p>\n<p>Webseite <a href=\"https:\/\/www.bafu.admin.ch\/de\/foodwaste\">Foodwaste<\/a> des Bundeamt f\u00fcr Umwelt\u00a0<\/p>\n<p>die <a href=\"https:\/\/dieumwelt.ch\/artikel\/gut-fuer-die-umwelt-und-das-portemonnaie\">Umwelt<\/a> (Magazin BAFU)<\/p>\n<p>\u00a0<\/p>\n<h4>Essen retten<\/h4>\n<p>App <a href=\"https:\/\/www.toogoodtogo.com\/de-ch\">Toogoodtogo<\/a><\/p>\n<p>\u00f6ffentliche K\u00fchlschr\u00e4nke von Madame <a href=\"https:\/\/www.madamefrigo.ch\/de\/\">Frigo<\/a><\/p>\n<p><a href=\"https:\/\/www.Aess-bar.ch\">Aessbar<\/a> (frisch von gestern) auch in Winterthur<\/p>\n<p><a href=\"https:\/\/restessbar.ch\/\">Restessbar<\/a> (3* in Winti: Altstadt, T\u00f6ss, Oberi)<\/p>\t\t\t\t\t\t\t\t<\/div>\n\t\t\t\t<\/div>\n\t\t\t\t\t<\/div>\n\t\t\t\t<\/div>\n\t\t<div class=\"elementor-element elementor-element-a91bac4 e-flex e-con-boxed e-con e-parent\" data-id=\"a91bac4\" data-element_type=\"container\">\n\t\t\t\t\t<div class=\"e-con-inner\">\n\t\t\t\t\t<\/div>\n\t\t\t\t<\/div>\n\t\t<div class=\"elementor-element elementor-element-fd15003 e-grid e-con-boxed e-con e-parent\" data-id=\"fd15003\" data-element_type=\"container\">\n\t\t\t\t\t<div class=\"e-con-inner\">\n\t\t\t\t\t<\/div>\n\t\t\t\t<\/div>\n\t\t\t\t<\/div>\n\t\t","protected":false},"excerpt":{"rendered":"<p>Foodsave-Workshop Workshop-Programm \u00abDein Essen retten \u2013 zusammen geniessen \u2013 Geld sparen\u00bb 15.00 Begr\u00fcssung und Gruppeneinteilung (A &amp; B)15.30 Uhr Parallele Workshops, die Ihr nacheinander besucht (entweder erst A, dann B oder umgekehrt). Workshop A: Infos zum Thema Food Save mit Ap\u00e9ro von der \u00c4ssbar\u2028 mit Nicole Workshop B: Gemeinsames Kochen mit Resten \u2028mit Anita &amp;&hellip;&nbsp;<a href=\"https:\/\/www.nicole-baur.ch\/index.php\/foodsave-workshop\/\" class=\"\" rel=\"bookmark\">Weiterlesen &raquo;<span class=\"screen-reader-text\">Foodsave-Workshop 18.4.<\/span><\/a><\/p>\n","protected":false},"author":2,"featured_media":0,"parent":0,"menu_order":0,"comment_status":"closed","ping_status":"closed","template":"","meta":{"neve_meta_sidebar":"","neve_meta_container":"","neve_meta_enable_content_width":"","neve_meta_content_width":0,"neve_meta_title_alignment":"","neve_meta_author_avatar":"","neve_post_elements_order":"","neve_meta_disable_header":"","neve_meta_disable_footer":"","neve_meta_disable_title":"","_themeisle_gutenberg_block_has_review":false,"footnotes":""},"class_list":["post-782","page","type-page","status-publish","hentry"],"yoast_head":"<!-- This site is optimized with the Yoast SEO plugin v25.1 - https:\/\/yoast.com\/wordpress\/plugins\/seo\/ -->\n<title>Foodsave-Workshop 18.4. - Meine Projekte<\/title>\n<meta name=\"description\" content=\"Foodsave-Workshop in Oberwinterthur im M\u00e4rz 2026\" \/>\n<meta name=\"robots\" content=\"index, follow, max-snippet:-1, max-image-preview:large, max-video-preview:-1\" \/>\n<link rel=\"canonical\" href=\"https:\/\/www.nicole-baur.ch\/index.php\/foodsave-workshop\/\" \/>\n<meta property=\"og:locale\" content=\"de_DE\" \/>\n<meta property=\"og:type\" content=\"article\" \/>\n<meta property=\"og:title\" content=\"Foodsave-Workshop 18.4. - Meine Projekte\" \/>\n<meta property=\"og:description\" content=\"Foodsave-Workshop in Oberwinterthur im M\u00e4rz 2026\" \/>\n<meta property=\"og:url\" content=\"https:\/\/www.nicole-baur.ch\/index.php\/foodsave-workshop\/\" \/>\n<meta property=\"og:site_name\" content=\"Meine Projekte\" \/>\n<meta property=\"article:modified_time\" content=\"2026-03-27T14:47:32+00:00\" \/>\n<meta property=\"og:image\" content=\"https:\/\/www.nicole-baur.ch\/wp-content\/uploads\/2026\/03\/Foodsave-Workshop-Save-The-Date.png\" \/>\n\t<meta property=\"og:image:width\" content=\"2245\" \/>\n\t<meta property=\"og:image:height\" content=\"1587\" \/>\n\t<meta property=\"og:image:type\" content=\"image\/png\" \/>\n<meta name=\"twitter:card\" content=\"summary_large_image\" \/>\n<meta name=\"twitter:label1\" content=\"Gesch\u00e4tzte Lesezeit\" \/>\n\t<meta name=\"twitter:data1\" content=\"2\u00a0Minuten\" \/>\n<script type=\"application\/ld+json\" class=\"yoast-schema-graph\">{\"@context\":\"https:\/\/schema.org\",\"@graph\":[{\"@type\":\"WebPage\",\"@id\":\"https:\/\/www.nicole-baur.ch\/index.php\/foodsave-workshop\/\",\"url\":\"https:\/\/www.nicole-baur.ch\/index.php\/foodsave-workshop\/\",\"name\":\"Foodsave-Workshop 18.4. - Meine Projekte\",\"isPartOf\":{\"@id\":\"https:\/\/www.nicole-baur.ch\/#website\"},\"primaryImageOfPage\":{\"@id\":\"https:\/\/www.nicole-baur.ch\/index.php\/foodsave-workshop\/#primaryimage\"},\"image\":{\"@id\":\"https:\/\/www.nicole-baur.ch\/index.php\/foodsave-workshop\/#primaryimage\"},\"thumbnailUrl\":\"https:\/\/www.nicole-baur.ch\/wp-content\/uploads\/2026\/03\/Foodsave-Workshop-Save-The-Date-768x543.png\",\"datePublished\":\"2026-01-27T15:46:44+00:00\",\"dateModified\":\"2026-03-27T14:47:32+00:00\",\"description\":\"Foodsave-Workshop in Oberwinterthur im M\u00e4rz 2026\",\"breadcrumb\":{\"@id\":\"https:\/\/www.nicole-baur.ch\/index.php\/foodsave-workshop\/#breadcrumb\"},\"inLanguage\":\"de\",\"potentialAction\":[{\"@type\":\"ReadAction\",\"target\":[\"https:\/\/www.nicole-baur.ch\/index.php\/foodsave-workshop\/\"]}]},{\"@type\":\"ImageObject\",\"inLanguage\":\"de\",\"@id\":\"https:\/\/www.nicole-baur.ch\/index.php\/foodsave-workshop\/#primaryimage\",\"url\":\"https:\/\/www.nicole-baur.ch\/wp-content\/uploads\/2026\/03\/Foodsave-Workshop-Save-The-Date.png\",\"contentUrl\":\"https:\/\/www.nicole-baur.ch\/wp-content\/uploads\/2026\/03\/Foodsave-Workshop-Save-The-Date.png\",\"width\":2245,\"height\":1587,\"caption\":\"Foodsave Workshop Save The Date\"},{\"@type\":\"BreadcrumbList\",\"@id\":\"https:\/\/www.nicole-baur.ch\/index.php\/foodsave-workshop\/#breadcrumb\",\"itemListElement\":[{\"@type\":\"ListItem\",\"position\":1,\"name\":\"Startseite\",\"item\":\"https:\/\/www.nicole-baur.ch\/\"},{\"@type\":\"ListItem\",\"position\":2,\"name\":\"Foodsave-Workshop 18.4.\"}]},{\"@type\":\"WebSite\",\"@id\":\"https:\/\/www.nicole-baur.ch\/#website\",\"url\":\"https:\/\/www.nicole-baur.ch\/\",\"name\":\"Meine Projekte\",\"description\":\"\",\"publisher\":{\"@id\":\"https:\/\/www.nicole-baur.ch\/#organization\"},\"potentialAction\":[{\"@type\":\"SearchAction\",\"target\":{\"@type\":\"EntryPoint\",\"urlTemplate\":\"https:\/\/www.nicole-baur.ch\/?s={search_term_string}\"},\"query-input\":{\"@type\":\"PropertyValueSpecification\",\"valueRequired\":true,\"valueName\":\"search_term_string\"}}],\"inLanguage\":\"de\"},{\"@type\":\"Organization\",\"@id\":\"https:\/\/www.nicole-baur.ch\/#organization\",\"name\":\"Meine Projekte\",\"url\":\"https:\/\/www.nicole-baur.ch\/\",\"logo\":{\"@type\":\"ImageObject\",\"inLanguage\":\"de\",\"@id\":\"https:\/\/www.nicole-baur.ch\/#\/schema\/logo\/image\/\",\"url\":\"https:\/\/www.nicole-baur.ch\/wp-content\/uploads\/2019\/10\/cropped-neve-yoga-logo-2.png\",\"contentUrl\":\"https:\/\/www.nicole-baur.ch\/wp-content\/uploads\/2019\/10\/cropped-neve-yoga-logo-2.png\",\"width\":106,\"height\":100,\"caption\":\"Meine Projekte\"},\"image\":{\"@id\":\"https:\/\/www.nicole-baur.ch\/#\/schema\/logo\/image\/\"}}]}<\/script>\n<!-- \/ Yoast SEO plugin. -->","yoast_head_json":{"title":"Foodsave-Workshop 18.4. - Meine Projekte","description":"Foodsave-Workshop in Oberwinterthur im M\u00e4rz 2026","robots":{"index":"index","follow":"follow","max-snippet":"max-snippet:-1","max-image-preview":"max-image-preview:large","max-video-preview":"max-video-preview:-1"},"canonical":"https:\/\/www.nicole-baur.ch\/index.php\/foodsave-workshop\/","og_locale":"de_DE","og_type":"article","og_title":"Foodsave-Workshop 18.4. - Meine Projekte","og_description":"Foodsave-Workshop in Oberwinterthur im M\u00e4rz 2026","og_url":"https:\/\/www.nicole-baur.ch\/index.php\/foodsave-workshop\/","og_site_name":"Meine Projekte","article_modified_time":"2026-03-27T14:47:32+00:00","og_image":[{"width":2245,"height":1587,"url":"https:\/\/www.nicole-baur.ch\/wp-content\/uploads\/2026\/03\/Foodsave-Workshop-Save-The-Date.png","type":"image\/png"}],"twitter_card":"summary_large_image","twitter_misc":{"Gesch\u00e4tzte Lesezeit":"2\u00a0Minuten"},"schema":{"@context":"https:\/\/schema.org","@graph":[{"@type":"WebPage","@id":"https:\/\/www.nicole-baur.ch\/index.php\/foodsave-workshop\/","url":"https:\/\/www.nicole-baur.ch\/index.php\/foodsave-workshop\/","name":"Foodsave-Workshop 18.4. - Meine Projekte","isPartOf":{"@id":"https:\/\/www.nicole-baur.ch\/#website"},"primaryImageOfPage":{"@id":"https:\/\/www.nicole-baur.ch\/index.php\/foodsave-workshop\/#primaryimage"},"image":{"@id":"https:\/\/www.nicole-baur.ch\/index.php\/foodsave-workshop\/#primaryimage"},"thumbnailUrl":"https:\/\/www.nicole-baur.ch\/wp-content\/uploads\/2026\/03\/Foodsave-Workshop-Save-The-Date-768x543.png","datePublished":"2026-01-27T15:46:44+00:00","dateModified":"2026-03-27T14:47:32+00:00","description":"Foodsave-Workshop in Oberwinterthur im M\u00e4rz 2026","breadcrumb":{"@id":"https:\/\/www.nicole-baur.ch\/index.php\/foodsave-workshop\/#breadcrumb"},"inLanguage":"de","potentialAction":[{"@type":"ReadAction","target":["https:\/\/www.nicole-baur.ch\/index.php\/foodsave-workshop\/"]}]},{"@type":"ImageObject","inLanguage":"de","@id":"https:\/\/www.nicole-baur.ch\/index.php\/foodsave-workshop\/#primaryimage","url":"https:\/\/www.nicole-baur.ch\/wp-content\/uploads\/2026\/03\/Foodsave-Workshop-Save-The-Date.png","contentUrl":"https:\/\/www.nicole-baur.ch\/wp-content\/uploads\/2026\/03\/Foodsave-Workshop-Save-The-Date.png","width":2245,"height":1587,"caption":"Foodsave Workshop Save The Date"},{"@type":"BreadcrumbList","@id":"https:\/\/www.nicole-baur.ch\/index.php\/foodsave-workshop\/#breadcrumb","itemListElement":[{"@type":"ListItem","position":1,"name":"Startseite","item":"https:\/\/www.nicole-baur.ch\/"},{"@type":"ListItem","position":2,"name":"Foodsave-Workshop 18.4."}]},{"@type":"WebSite","@id":"https:\/\/www.nicole-baur.ch\/#website","url":"https:\/\/www.nicole-baur.ch\/","name":"Meine Projekte","description":"","publisher":{"@id":"https:\/\/www.nicole-baur.ch\/#organization"},"potentialAction":[{"@type":"SearchAction","target":{"@type":"EntryPoint","urlTemplate":"https:\/\/www.nicole-baur.ch\/?s={search_term_string}"},"query-input":{"@type":"PropertyValueSpecification","valueRequired":true,"valueName":"search_term_string"}}],"inLanguage":"de"},{"@type":"Organization","@id":"https:\/\/www.nicole-baur.ch\/#organization","name":"Meine Projekte","url":"https:\/\/www.nicole-baur.ch\/","logo":{"@type":"ImageObject","inLanguage":"de","@id":"https:\/\/www.nicole-baur.ch\/#\/schema\/logo\/image\/","url":"https:\/\/www.nicole-baur.ch\/wp-content\/uploads\/2019\/10\/cropped-neve-yoga-logo-2.png","contentUrl":"https:\/\/www.nicole-baur.ch\/wp-content\/uploads\/2019\/10\/cropped-neve-yoga-logo-2.png","width":106,"height":100,"caption":"Meine Projekte"},"image":{"@id":"https:\/\/www.nicole-baur.ch\/#\/schema\/logo\/image\/"}}]}},"_links":{"self":[{"href":"https:\/\/www.nicole-baur.ch\/index.php\/wp-json\/wp\/v2\/pages\/782","targetHints":{"allow":["GET"]}}],"collection":[{"href":"https:\/\/www.nicole-baur.ch\/index.php\/wp-json\/wp\/v2\/pages"}],"about":[{"href":"https:\/\/www.nicole-baur.ch\/index.php\/wp-json\/wp\/v2\/types\/page"}],"author":[{"embeddable":true,"href":"https:\/\/www.nicole-baur.ch\/index.php\/wp-json\/wp\/v2\/users\/2"}],"replies":[{"embeddable":true,"href":"https:\/\/www.nicole-baur.ch\/index.php\/wp-json\/wp\/v2\/comments?post=782"}],"version-history":[{"count":32,"href":"https:\/\/www.nicole-baur.ch\/index.php\/wp-json\/wp\/v2\/pages\/782\/revisions"}],"predecessor-version":[{"id":831,"href":"https:\/\/www.nicole-baur.ch\/index.php\/wp-json\/wp\/v2\/pages\/782\/revisions\/831"}],"wp:attachment":[{"href":"https:\/\/www.nicole-baur.ch\/index.php\/wp-json\/wp\/v2\/media?parent=782"}],"curies":[{"name":"wp","href":"https:\/\/api.w.org\/{rel}","templated":true}]}}